{"id":7192,"date":"2026-02-21T12:12:11","date_gmt":"2026-02-21T12:12:11","guid":{"rendered":"https:\/\/ce.uted.us\/congreso\/?page_id=7192"},"modified":"2026-02-27T13:33:39","modified_gmt":"2026-02-27T13:33:39","slug":"descargas","status":"publish","type":"page","link":"https:\/\/ce.uted.us\/congreso\/descargas\/","title":{"rendered":"descargas"},"content":{"rendered":"\t\t<div data-elementor-type=\"wp-page\" data-elementor-id=\"7192\" class=\"elementor elementor-7192\" data-elementor-post-type=\"page\">\n\t\t\t\t\t\t<section class=\"elementor-section elementor-top-section elementor-element elementor-element-d4825ea elementor-section-boxed elementor-section-height-default elementor-section-height-default\" data-id=\"d4825ea\" data-element_type=\"section\" data-e-type=\"section\" data-settings=\"{&quot;background_background&quot;:&quot;gradient&quot;}\">\n\t\t\t\t\t\t<div class=\"elementor-container elementor-column-gap-default\">\n\t\t\t\t\t<div class=\"elementor-column elementor-col-50 elementor-top-column elementor-element elementor-element-968a176\" data-id=\"968a176\" data-element_type=\"column\" data-e-type=\"column\">\n\t\t\t<div class=\"elementor-widget-wrap elementor-element-populated\">\n\t\t\t\t\t\t<div class=\"elementor-element elementor-element-c9758f5 elementor-invisible elementor-widget elementor-widget-creote-image-box-v1\" data-id=\"c9758f5\" data-element_type=\"widget\" data-e-type=\"widget\" data-settings=\"{&quot;_animation&quot;:&quot;fadeInUp&quot;}\" data-widget_type=\"creote-image-box-v1.default\">\n\t\t\t\t<div class=\"elementor-widget-container\">\n\t\t\t\t\t <div class=\"image_boxes style_seven\" >  <div class=\"image_box\"> <img decoding=\"async\" src=\"https:\/\/ce.uted.us\/congreso\/wp-content\/uploads\/2026\/01\/2.jpg\" class=\"img-fluid\" alt=\"image\">   <div class=\"experience\"> <div class=\"experience_inner\"> <h2> 1er Congreso Internacional <\/h2> <\/div> <\/div>  <\/div>   <div class=\"pattern_imag\"> <img decoding=\"async\" src=\"https:\/\/ce.uted.us\/congreso\/wp-content\/plugins\/creote-addons\/\/assets\/images\/pattern-n1.png\" alt=\"img\"\/> <\/div>  <\/div> \r\n\t\t\t\t<\/div>\n\t\t\t\t<\/div>\n\t\t\t\t\t<\/div>\n\t\t<\/div>\n\t\t\t\t<div class=\"elementor-column elementor-col-50 elementor-top-column elementor-element elementor-element-ea3c3f5\" data-id=\"ea3c3f5\" data-element_type=\"column\" data-e-type=\"column\" data-settings=\"{&quot;motion_fx_motion_fx_scrolling&quot;:&quot;yes&quot;,&quot;motion_fx_devices&quot;:[&quot;desktop&quot;,&quot;tablet&quot;,&quot;mobile&quot;]}\">\n\t\t\t<div class=\"elementor-widget-wrap elementor-element-populated\">\n\t\t\t\t\t\t<div class=\"elementor-element elementor-element-6384e917 elementor-invisible elementor-widget elementor-widget-creote-title-v1\" data-id=\"6384e917\" data-element_type=\"widget\" data-e-type=\"widget\" data-settings=\"{&quot;motion_fx_motion_fx_scrolling&quot;:&quot;yes&quot;,&quot;motion_fx_translateY_effect&quot;:&quot;yes&quot;,&quot;_animation&quot;:&quot;fadeIn&quot;,&quot;motion_fx_translateY_speed&quot;:{&quot;unit&quot;:&quot;px&quot;,&quot;size&quot;:4,&quot;sizes&quot;:[]},&quot;motion_fx_translateY_affectedRange&quot;:{&quot;unit&quot;:&quot;%&quot;,&quot;size&quot;:&quot;&quot;,&quot;sizes&quot;:{&quot;start&quot;:0,&quot;end&quot;:100}},&quot;motion_fx_devices&quot;:[&quot;desktop&quot;,&quot;tablet&quot;,&quot;mobile&quot;]}\" data-widget_type=\"creote-title-v1.default\">\n\t\t\t\t<div class=\"elementor-widget-container\">\n\t\t\t\t\t<div class=\"title_all_box style_one dark_color\">\r\n            <!-- Default title style -->\r\n        <div class=\"title_sections left\">\r\n                            <div class=\"before_title\">\r\n                    Descargables\n                <\/div>\r\n                                                    <p>Proceda a descargar el material de referencia presionando sobre el nombre del recurso. Cada uno de estos materiales ser\u00e1 revisado considerando tanto la calidad del contenido como el apego a las especificaciones t\u00e9cnicas y formales indicadas en las gu\u00edas correspondientes. <\/p>\r\n                    <\/div>\r\n        <!-- End of default title style -->\r\n\r\n    <\/div>\r\n\t\t\t\t<\/div>\n\t\t\t\t<\/div>\n\t\t\t\t<div class=\"elementor-element elementor-element-6be1515 elementor-widget elementor-widget-creote-title-v1\" data-id=\"6be1515\" data-element_type=\"widget\" data-e-type=\"widget\" data-widget_type=\"creote-title-v1.default\">\n\t\t\t\t<div class=\"elementor-widget-container\">\n\t\t\t\t\t<div class=\"title_all_box style_one dark_color\">\r\n            <!-- Default title style -->\r\n        <div class=\"title_sections center\">\r\n                                        <div class=\"title\">\r\n                    Tutorial para diligenciar los formatos                 <\/div>\r\n                                <\/div>\r\n        <!-- End of default title style -->\r\n\r\n    <\/div>\r\n\t\t\t\t<\/div>\n\t\t\t\t<\/div>\n\t\t\t\t<div class=\"elementor-element elementor-element-713e5c1 elementor-widget elementor-widget-creote-videobtns-v1\" data-id=\"713e5c1\" data-element_type=\"widget\" data-e-type=\"widget\" data-widget_type=\"creote-videobtns-v1.default\">\n\t\t\t\t<div class=\"elementor-widget-container\">\n\t\t\t\t\t<div class=\"video_btn_all\">\r\n   <div class=\"video_box\">\r\n      <a href=\"https:\/\/youtu.be\/nYUZ-ai8E6o\" class=\"lightbox-image\"><i class=\"icon-play\"><\/i><\/a>\r\n   <\/div>\r\n<\/div>\r\n\t\t\t\t<\/div>\n\t\t\t\t<\/div>\n\t\t\t\t<div class=\"elementor-element elementor-element-46dc59a5 elementor-invisible elementor-widget elementor-widget-creote-list-items-v1\" data-id=\"46dc59a5\" data-element_type=\"widget\" data-e-type=\"widget\" data-settings=\"{&quot;motion_fx_motion_fx_mouse&quot;:&quot;yes&quot;,&quot;_animation&quot;:&quot;fadeIn&quot;}\" data-widget_type=\"creote-list-items-v1.default\">\n\t\t\t\t<div class=\"elementor-widget-container\">\n\t\t\t\t\t \r\n   <div class=\"list_item_box style_one\"> <ul>  <li><a href=\"https:\/\/ce.uted.us\/congreso\/wp-content\/uploads\/2026\/02\/PLANTILLA_EDITABLE_ARTICULO_CIENTIFICO.docx\"> - Plantilla Articulo Cient\u00edfico<\/a>  <span class=\"tags\" style=' '>Plantilla Editable<\/span>  <\/li>  <li><a href=\"https:\/\/ce.uted.us\/congreso\/wp-content\/uploads\/2026\/02\/PLANTILLA_EDITABLE_ARTICULO_ENSAYO.docx\"> - Plantilla Art\u00edculo ensayo<\/a>  <span class=\"tags\" style=' '>Plantilla Editable<\/span>  <\/li>  <li><a href=\"https:\/\/ce.uted.us\/congreso\/wp-content\/uploads\/2026\/02\/PLANTILLA-DE-ARTICULO-CIENTIFICO.pdf\"> - Resumen GU\u00cdA PDF<\/a>  <span class=\"tags\" style=' '>Gu\u00eda<\/span>  <\/li>  <li><a href=\"https:\/\/ce.uted.us\/congreso\/wp-content\/uploads\/2026\/02\/PLANTILLA_EDITABLE_RESUMEN_ARTICUL_CIENTIFICO.docx\"> - Plantilla Resumen<\/a>  <span class=\"tags\" style=' '>Plantilla Editable<\/span>  <\/li>  <li><a href=\"https:\/\/ce.uted.us\/congreso\/wp-content\/uploads\/2026\/02\/PLANTILLA1_CARTEL_PARA_ESTUDIANTES_CONGRESO_GLOBAL_DE_EDUCACION-1.pptx\"> - Cartel Cient\u00edfico Digital<\/a>  <span class=\"tags\" style=' '>Modelo 1<\/span>  <\/li>  <li><a href=\"https:\/\/ce.uted.us\/congreso\/wp-content\/uploads\/2026\/02\/PLANTILLA2_CARTEL_PARA_ESTUDIANTES_CONGRESO_GLOBAL_DE_EDUCACION.pptx\"> - Cartel Cient\u00edfico Digital<\/a>  <span class=\"tags\" style=' '>Modelo 2<\/span>  <\/li>  <li><a href=\"https:\/\/ce.uted.us\/congreso\/wp-content\/uploads\/2026\/02\/INSTRUCTIVO-GRABAR-AUDIO-DE-RESUMEN-ARTICULO-CIENTIFICO.pdf\"> - Gu\u00eda PDF para grabar audio resumen<\/a>  <span class=\"tags\" style=' '>GU\u00cdA <\/span>  <\/li>  <li><a href=\"https:\/\/ce.uted.us\/congreso\/wp-content\/uploads\/2026\/02\/PLANTILLA2_EDITABLE_PARA-_PRESENTACION_DE_DIAPOSITIVA.ppt\"> - Gu\u00eda para video o presentaci\u00f3n (obligatorio)<\/a>  <span class=\"tags\" style=' '>Plantilla editable<\/span>  <\/li>  <\/ul><\/div>\t\t\t\t<\/div>\n\t\t\t\t<\/div>\n\t\t\t\t\t<\/div>\n\t\t<\/div>\n\t\t\t\t\t<\/div>\n\t\t<\/section>\n\t\t\t\t<section class=\"elementor-section elementor-inner-section elementor-element elementor-element-a68736f elementor-section-boxed elementor-section-height-default elementor-section-height-default elementor-invisible\" data-id=\"a68736f\" data-element_type=\"section\" data-e-type=\"section\" data-settings=\"{&quot;animation&quot;:&quot;fadeInUp&quot;}\">\n\t\t\t\t\t\t<div class=\"elementor-container elementor-column-gap-default\">\n\t\t\t\t\t<div class=\"elementor-column elementor-col-33 elementor-inner-column elementor-element elementor-element-3c2e7429 elementor-hidden-tablet elementor-hidden-mobile\" data-id=\"3c2e7429\" data-element_type=\"column\" data-e-type=\"column\">\n\t\t\t<div class=\"elementor-widget-wrap elementor-element-populated\">\n\t\t\t\t\t\t<div class=\"elementor-element elementor-element-7aca4f2 elementor-widget elementor-widget-creote-title-v1\" data-id=\"7aca4f2\" data-element_type=\"widget\" data-e-type=\"widget\" data-widget_type=\"creote-title-v1.default\">\n\t\t\t\t<div class=\"elementor-widget-container\">\n\t\t\t\t\t<div class=\"title_all_box style_one dark_color\">\r\n            <!-- Default title style -->\r\n        <div class=\"title_sections left\">\r\n                            <div class=\"before_title\">\r\n                    \n                <\/div>\r\n                                        <div class=\"title\">\r\n                    Contactos                <\/div>\r\n                                <\/div>\r\n        <!-- End of default title style -->\r\n\r\n    <\/div>\r\n\t\t\t\t<\/div>\n\t\t\t\t<\/div>\n\t\t\t\t\t<\/div>\n\t\t<\/div>\n\t\t\t\t<div class=\"elementor-column elementor-col-33 elementor-inner-column elementor-element elementor-element-3cf6c93e\" data-id=\"3cf6c93e\" data-element_type=\"column\" data-e-type=\"column\">\n\t\t\t<div class=\"elementor-widget-wrap elementor-element-populated\">\n\t\t\t\t\t\t<div class=\"elementor-element elementor-element-7976ec40 elementor-widget__width-initial elementor-widget elementor-widget-creote-contact-box-v1\" data-id=\"7976ec40\" data-element_type=\"widget\" data-e-type=\"widget\" data-widget_type=\"creote-contact-box-v1.default\">\n\t\t\t\t<div class=\"elementor-widget-container\">\n\t\t\t\t\t \r\n<div class=\"contact_box_content style_two\" \r\n    >\r\n            <div class=\"contact_box_inner color_two\">\r\n                            <div class=\"icon_bx\">\r\n                    <span class=\"fa fa-whatsapp\"><\/span>\r\n                <\/div>\r\n                        <div class=\"text\">\r\n                                    <div class=\"contitle\">What\u2019s App Chat<\/div>\r\n                                                    <p>+57 310 7707800    +1 (786) 737-2174<\/p>\r\n                            <\/div>\r\n        <\/div>\r\n    <\/div>\r\n\r\n\t\t\t\t<\/div>\n\t\t\t\t<\/div>\n\t\t\t\t\t<\/div>\n\t\t<\/div>\n\t\t\t\t<div class=\"elementor-column elementor-col-33 elementor-inner-column elementor-element elementor-element-42a096e9\" data-id=\"42a096e9\" data-element_type=\"column\" data-e-type=\"column\">\n\t\t\t<div class=\"elementor-widget-wrap elementor-element-populated\">\n\t\t\t\t\t\t<div class=\"elementor-element elementor-element-597a0690 elementor-widget elementor-widget-creote-contact-box-v1\" data-id=\"597a0690\" data-element_type=\"widget\" data-e-type=\"widget\" data-widget_type=\"creote-contact-box-v1.default\">\n\t\t\t\t<div class=\"elementor-widget-container\">\n\t\t\t\t\t \r\n<div class=\"contact_box_content style_two\" \r\n    >\r\n            <div class=\"contact_box_inner color_two\">\r\n                            <div class=\"icon_bx\">\r\n                    <span class=\" icon-email\"><\/span>\r\n                <\/div>\r\n                        <div class=\"text\">\r\n                                    <div class=\"contitle\">Email<\/div>\r\n                                                    <p>globalcongress@uted.us<\/p>\r\n                            <\/div>\r\n        <\/div>\r\n    <\/div>\r\n\r\n\t\t\t\t<\/div>\n\t\t\t\t<\/div>\n\t\t\t\t\t<\/div>\n\t\t<\/div>\n\t\t\t\t\t<\/div>\n\t\t<\/section>\n\t\t\t\t<\/div>\n\t\t","protected":false},"excerpt":{"rendered":"<p>1er Congreso Internacional Descargables Proceda a descargar el material de referencia presionando sobre el nombre del recurso. Cada uno de estos materiales ser\u00e1 revisado considerando tanto la calidad del contenido como el apego a las especificaciones t\u00e9cnicas y formales indicadas en las gu\u00edas correspondientes. Tutorial para diligenciar los formatos &#8211; Plantilla Articulo Cient\u00edfico Plantilla Editable [&hellip;]<\/p>\n","protected":false},"author":1,"featured_media":0,"parent":0,"menu_order":0,"comment_status":"closed","ping_status":"closed","template":"template-homepage.php","meta":{"_monsterinsights_skip_tracking":false,"_monsterinsights_sitenote_active":false,"_monsterinsights_sitenote_note":"","_monsterinsights_sitenote_category":0,"_joinchat":[],"footnotes":""},"class_list":["post-7192","page","type-page","status-publish","hentry"],"aioseo_notices":[],"_links":{"self":[{"href":"https:\/\/ce.uted.us\/congreso\/wp-json\/wp\/v2\/pages\/7192","targetHints":{"allow":["GET"]}}],"collection":[{"href":"https:\/\/ce.uted.us\/congreso\/wp-json\/wp\/v2\/pages"}],"about":[{"href":"https:\/\/ce.uted.us\/congreso\/wp-json\/wp\/v2\/types\/page"}],"author":[{"embeddable":true,"href":"https:\/\/ce.uted.us\/congreso\/wp-json\/wp\/v2\/users\/1"}],"replies":[{"embeddable":true,"href":"https:\/\/ce.uted.us\/congreso\/wp-json\/wp\/v2\/comments?post=7192"}],"version-history":[{"count":34,"href":"https:\/\/ce.uted.us\/congreso\/wp-json\/wp\/v2\/pages\/7192\/revisions"}],"predecessor-version":[{"id":7619,"href":"https:\/\/ce.uted.us\/congreso\/wp-json\/wp\/v2\/pages\/7192\/revisions\/7619"}],"wp:attachment":[{"href":"https:\/\/ce.uted.us\/congreso\/wp-json\/wp\/v2\/media?parent=7192"}],"curies":[{"name":"wp","href":"https:\/\/api.w.org\/{rel}","templated":true}]}}